{"id":101,"date":"2021-08-06T13:39:34","date_gmt":"2021-08-06T13:39:34","guid":{"rendered":"https:\/\/mspd.upol.cz\/?page_id=101"},"modified":"2026-04-15T11:32:19","modified_gmt":"2026-04-15T11:32:19","slug":"soutezni-prace","status":"publish","type":"page","link":"https:\/\/mspd.upol.cz\/?page_id=101","title":{"rendered":"Sout\u011b\u017en\u00ed pr\u00e1ce"},"content":{"rendered":"\n<p>V\u0161em sout\u011b\u017e\u00edc\u00edm bude umo\u017en\u011bno p\u0159ihl\u00e1sit se se svou sout\u011b\u017en\u00ed prac\u00ed (po zapracov\u00e1n\u00ed p\u0159ipom\u00ednek z recenzn\u00edho posudku z MSPD) k publikov\u00e1n\u00ed p\u0159\u00edsp\u011bvku v \u010dasopisu <strong><a href=\"https:\/\/e-psycholog.eu\/o-casopise\"><em>E<\/em>&#8211;<em>psychologie<\/em><\/a> \u010di <a href=\"https:\/\/diskuzevpsychologii.upol.cz\/\">Diskuze v psychologii.<\/a><\/strong><\/p>\n\n\n\n<p>V\u00edt\u011bzov\u00e9 (v\u0161ichni na 1.\u20133. m\u00edst\u011b v sout\u011b\u017en\u00edch kategori\u00edch) budou m\u00edt zaji\u0161t\u011bn\u00fd vstup na <strong>Psychologick\u00e9 dny 2026 <\/strong>(9. &#8211; 11. z\u00e1\u0159\u00ed, Olomouc) s aktivn\u00ed prezentac\u00ed sv\u00e9ho sout\u011b\u017en\u00edho p\u0159\u00edsp\u011bvku (<a href=\"https:\/\/eur02.safelinks.protection.outlook.com\/?url=https%3A%2F%2Fwww.psychologickedny.info%2F&amp;data=05%7C02%7Cskomrska%40pf.jcu.cz%7C03c458c40296426d6d9608de89c23cb6%7Cc35f5da49a0344e68bf992833634f6a7%7C0%7C0%7C639099664682911843%7CUnknown%7CTWFpbGZsb3d8eyJFbXB0eU1hcGkiOnRydWUsIlYiOiIwLjAuMDAwMCIsIlAiOiJXaW4zMiIsIkFOIjoiTWFpbCIsIldUIjoyfQ%3D%3D%7C0%7C%7C%7C&amp;sdata=zj0dfEX6bcGYTvRwgwCrHhOMbWh6vICSN13cWBwPOaA%3D&amp;reserved=0\" target=\"_blank\" rel=\"noreferrer noopener\">https:\/\/www.psychologickedny.info\/<\/a>)<\/p>\n\n\n\n<p><strong>D\u016fle\u017eit\u00e9 term\u00edny: <\/strong><\/p>\n\n\n\n<p><strong>Zasl\u00e1n\u00ed sout\u011b\u017en\u00edch prac\u00ed: 23. 3. 2026<\/strong><br><strong>Zasl\u00e1n\u00ed sout\u011b\u017en\u00edch prezentac\u00ed: 20. 4. 2026<\/strong><\/p>\n\n\n\n<p>Prezentace zas\u00edlejte na e-maily dle za\u0159azen\u00ed do sekc\u00ed:<br><strong>Bc. sekce:<\/strong>\u00a0<a href=\"mailto:kucovz00@pf.jcu.cz\">kucovz00@pf.jcu.cz<\/a><br><strong>Mgr. sekce:<\/strong>\u00a0<a href=\"mailto:cernus00@pf.jcu.cz\">cernus00@pf.jcu.cz<\/a><\/p>\n\n\n\n<p>Pozn\u00e1mka: Do p\u0159edm\u011btu zpr\u00e1vy pros\u00edm v\u017edy uv\u00e1d\u011bjte identifikaci: \u201eMSPD 2026 [zkratka pracovi\u0161t\u011b] [p\u0159\u00edjmen\u00ed sout\u011b\u017e\u00edc\u00ed(ho)] [sekce Bc\/Mgr]\u201d, nap\u0159\u00edklad: \u201cMSPD 2026 FF UK Nov\u00e1k Bc.\u201d<\/p>\n\n\n\n<p><strong>Prezentace prac\u00ed: 23. \u2013 24. 4. 2026 <\/strong>(term\u00edn konference)<\/p>\n\n\n\n<p> ________________________________________<\/p>\n\n\n\n<p><strong>Pravidla sout\u011b\u017ee:<\/strong><\/p>\n\n\n\n<p><strong>\u00b7<\/strong> <strong>Z ka\u017ed\u00e9ho pracovi\u0161t\u011b lze p\u0159ihl\u00e1sit maxim\u00e1ln\u011b dv\u011b sout\u011b\u017en\u00ed pr\u00e1ce, a to do bakal\u00e1\u0159sk\u00e9 nebo magistersk\u00e9 sekce. <\/strong><br>Vysv\u011btlen\u00ed: Za pracovi\u0161t\u011b tedy mohou b\u00fdt p\u0159ihl\u00e1\u0161en\u00e9 (A) dv\u011b pr\u00e1ce v bakal\u00e1\u0159sk\u00e9 sekci, nebo (B) dv\u011b pr\u00e1ce v magistersk\u00e9 sekci, nebo (C) jedna pr\u00e1ce v bakal\u00e1\u0159sk\u00e9 a jedna v magistersk\u00e9 sekci.<\/p>\n\n\n\n<p><strong>\u00b7 Do bakal\u00e1\u0159sk\u00e9 sekce lze p\u0159ihl\u00e1sit v\u00fdzkumn\u00e9 projekty, realizovan\u00e9 v r\u00e1mci odborn\u00fdch p\u0159edm\u011bt\u016f vyu\u010dovan\u00fdch v 1. a\u017e 3. ro\u010dn\u00edku Bc studia nebo je\u0161t\u011b neobh\u00e1jen\u00e9 bakal\u00e1\u0159sk\u00e9 diplomov\u00e9 pr\u00e1ce. Do magistersk\u00e9 sekce lze p\u0159ihl\u00e1sit obh\u00e1jen\u00e9 bakal\u00e1\u0159sk\u00e9 diplomov\u00e9 pr\u00e1ce nebo (ne)obh\u00e1jen\u00e9 magistersk\u00e9 diplomov\u00e9 pr\u00e1ce.<\/strong><\/p>\n\n\n\n<p><strong>\u00b7 Organizace p\u0159ihla\u0161uje projekt studenta, kter\u00fd realizoval a vytvo\u0159il na dan\u00e9 kated\u0159e. Sout\u011b\u017e\u00edc\u00ed zde z\u00e1rove\u0148 mus\u00ed m\u00edt status studenta. <\/strong><br>Vysv\u011btlen\u00ed: Sout\u011b\u017ee se tedy ne\u00fa\u010dastn\u00ed absolventi, nejedn\u00e1-li se o absolventy bakal\u00e1\u0159sk\u00e9ho studia, kte\u0159\u00ed v magistersk\u00e9m studiu pokra\u010duj\u00ed na stejn\u00e9 kated\u0159e a \u00fa\u010dastn\u00ed se MSPD v magistersk\u00e9 sekci. Pokud je projektem v\u00fdsledkem pr\u00e1ce v\u00edce student\u016f, je t\u0159eba, aby v\u0161ichni spl\u0148ovali toto krit\u00e9rium.<\/p>\n\n\n\n<p><strong>\u00b7 Projekt mus\u00ed b\u00fdt prezentov\u00e1n na konferenci osobn\u011b, p\u0159\u00edmo autorem projektu. <\/strong><br>Vysv\u011btlen\u00ed: Nen\u00ed mo\u017en\u00e9 se sout\u011b\u017ee \u00fa\u010dastnit on-line. Je-li projekt v\u00fdsledkem kolektivn\u00ed pr\u00e1ce v\u00edce student\u016f, musej\u00ed ho na MSPD prezentovat v\u0161ichni jeho auto\u0159i.<\/p>\n\n\n\n<p><strong>\u00b7 Sout\u011b\u017e\u00edc\u00ed musej\u00ed b\u00fdt studuj\u00edc\u00ed z t\u00e9ho\u017e vys\u00edlaj\u00edc\u00edho pracovi\u0161t\u011b, ze stejn\u00e9ho studijn\u00edho programu. <\/strong><br>Je z\u00e1rove\u0148 nezbytn\u00e9, aby se sout\u011b\u017ee osobn\u011b \u00fa\u010dastnili. Meziuniverzitn\u00ed a meziprogramov\u00e9 t\u00fdmov\u00e9 projekty do sout\u011b\u017ee za\u0159adit nelze.<\/p>\n\n\n\n<p> ________________________________________<\/p>\n\n\n\n<p><strong>Hodnocen\u00ed prac\u00ed:<\/strong><\/p>\n\n\n\n<p>V\u00edt\u011bzn\u00e9 pr\u00e1ce budou zvoleny na z\u00e1klad\u011b hodnocen\u00ed \u010dlen\u016f odborn\u00e9 poroty sest\u00e1vaj\u00edc\u00ed ze z\u00e1stupc\u016f v\u0161ech instituc\u00ed p\u0159ihl\u00e1\u0161en\u00fdch do sout\u011b\u017ee a tak\u00e9 na z\u00e1klad\u011b hodnocen\u00ed nez\u00e1visl\u00e9ho oponenta, kter\u00fd zhodnot\u00ed p\u00edsemn\u00e9 verze prac\u00ed.<\/p>\n\n\n\n<p>Sout\u011b\u017e\u00edc\u00ed mohou vyu\u017eit p\u0159i \u00fastn\u00ed prezentaci a p\u0159i psan\u00ed odborn\u00e9ho \u010dl\u00e1nku \u010desk\u00fd, slovensk\u00fd nebo anglick\u00fd jazyk.<\/p>\n\n\n\n<p><strong>Krit\u00e9ria hodnocen\u00ed \u00fastn\u00ed prezentace (max. 50 bod\u016f): <\/strong><br>1) Obsah prezentace (struktura, adekv\u00e1tnost informac\u00ed, n\u00e1zornost a p\u0159ehlednost prezentace) (max. 15 bod\u016f) <br>2) Origin\u00e1lnost a aktu\u00e1lnost v\u00fdzkumn\u00e9ho projektu (max. 5 bod\u016f) <br>3) Metodologick\u00e9 aspekty v\u00fdzkumn\u00e9ho projektu (max. 10 bod\u016f) <br>4) \u00dastn\u00ed projev, r\u00e9torika a interakce s publikem (max. 5 bod\u016f) <br>5) Dodr\u017een\u00ed \u010dasov\u00e9ho limitu (10 minut) (max. 5 bod\u016f) <br>6) Reakce na ot\u00e1zky a p\u0159ipom\u00ednky poroty a div\u00e1k\u016f (max. 10 bod\u016f)<\/p>\n\n\n\n<p><strong>Krit\u00e9ria hodnocen\u00ed \u010dl\u00e1nku (max. 50 bod\u016f): <\/strong><br>1) Aktu\u00e1lnost problematiky, originalita pr\u00e1ce a spole\u010densk\u00e1 pot\u0159eba pr\u00e1ce (max. 5 bod\u016f) <br>2) \u00darove\u0148 a kvalita teoretick\u00e9 \u010d\u00e1sti pr\u00e1ce (max. 15 bod\u016f) <br>3) Metodologick\u00fd aspekt v\u00fdzkumu (max. 15 bod\u016f) <br>4) Zpracov\u00e1n\u00ed v\u00fdsledk\u016f pr\u00e1ce a interpretace v\u00fdsledk\u016f (max. 10 bod\u016f)<br>5) Form\u00e1ln\u00ed zpracov\u00e1n\u00ed pr\u00e1ce (max. 5 bod\u016f)<\/p>\n\n\n\n<p><strong>Pokyny pro form\u00e1ln\u00ed \u00fapravu sout\u011b\u017en\u00ed pr\u00e1ce:<\/strong><\/p>\n\n\n\n<div class=\"wp-block-file\"><a id=\"wp-block-file--media-b037f65a-3e5a-46bd-8ee1-519d3aa1a8fe\" href=\"https:\/\/mspd.upol.cz\/wp-content\/uploads\/2025\/11\/MSPD_pokyny_pro_autoryCZ_2026.docx\"><strong>MSPD_pokyny_pro_autory CZ_2026<\/strong><\/a><a href=\"https:\/\/mspd.upol.cz\/wp-content\/uploads\/2025\/11\/MSPD_pokyny_pro_autoryCZ_2026.docx\" class=\"wp-block-file__button wp-element-button\" download aria-describedby=\"wp-block-file--media-b037f65a-3e5a-46bd-8ee1-519d3aa1a8fe\">Download<\/a><\/div>\n\n\n\n<div class=\"wp-block-file\"><a id=\"wp-block-file--media-b6caaddb-1cf5-4624-93b7-203402610551\" href=\"https:\/\/mspd.upol.cz\/wp-content\/uploads\/2025\/11\/MSPD_pokyny_pro_autoryEN_2026.docx\"><strong>MSPD_pokyny_pro_autory EN_2026<\/strong><\/a><a href=\"https:\/\/mspd.upol.cz\/wp-content\/uploads\/2025\/11\/MSPD_pokyny_pro_autoryEN_2026.docx\" class=\"wp-block-file__button wp-element-button\" download aria-describedby=\"wp-block-file--media-b6caaddb-1cf5-4624-93b7-203402610551\">Download<\/a><\/div>\n\n\n\n<div class=\"wp-block-file\"><a id=\"wp-block-file--media-d1da8986-c5cc-4b3d-8208-9295cd65710f\" href=\"https:\/\/mspd.upol.cz\/wp-content\/uploads\/2025\/11\/MSPD_pokyny_pro_autorySK_2026.docx\"><strong>MSPD_pokyny_pro_autory SK_2026<\/strong><\/a><a href=\"https:\/\/mspd.upol.cz\/wp-content\/uploads\/2025\/11\/MSPD_pokyny_pro_autorySK_2026.docx\" class=\"wp-block-file__button wp-element-button\" download aria-describedby=\"wp-block-file--media-d1da8986-c5cc-4b3d-8208-9295cd65710f\">Download<\/a><\/div>\n\n\n\n<p><strong>\u0160ablona p\u0159\u00edsp\u011bvku:<\/strong><\/p>\n\n\n\n<div class=\"wp-block-file\"><a id=\"wp-block-file--media-4e21c52a-bd28-44af-ad7d-0215046214e7\" href=\"https:\/\/mspd.upol.cz\/wp-content\/uploads\/2025\/11\/MSPD_sablona_prispevkuCZ_2026.docx\"><strong>MSPD_sablona_prispevku CZ_2026<\/strong><\/a><a href=\"https:\/\/mspd.upol.cz\/wp-content\/uploads\/2025\/11\/MSPD_sablona_prispevkuCZ_2026.docx\" class=\"wp-block-file__button wp-element-button\" download aria-describedby=\"wp-block-file--media-4e21c52a-bd28-44af-ad7d-0215046214e7\">Download<\/a><\/div>\n\n\n\n<div class=\"wp-block-file\"><a id=\"wp-block-file--media-43b74002-dd9e-480c-8e74-9cf88b377b37\" href=\"https:\/\/mspd.upol.cz\/wp-content\/uploads\/2025\/11\/MSPD_sablona_prispevkuEN_2026.docx\"><strong>MSPD_sablona_prispevku EN_2026<\/strong><\/a><a href=\"https:\/\/mspd.upol.cz\/wp-content\/uploads\/2025\/11\/MSPD_sablona_prispevkuEN_2026.docx\" class=\"wp-block-file__button wp-element-button\" download aria-describedby=\"wp-block-file--media-43b74002-dd9e-480c-8e74-9cf88b377b37\">Download<\/a><\/div>\n\n\n\n<div class=\"wp-block-file\"><a id=\"wp-block-file--media-40312189-3390-423a-b9f3-355723e467e4\" href=\"https:\/\/mspd.upol.cz\/wp-content\/uploads\/2025\/11\/MSPD_sablona_prispevkuSK_2026.docx\"><strong>MSPD_sablona_prispevku SK_2026<\/strong><\/a><a href=\"https:\/\/mspd.upol.cz\/wp-content\/uploads\/2025\/11\/MSPD_sablona_prispevkuSK_2026.docx\" class=\"wp-block-file__button wp-element-button\" download aria-describedby=\"wp-block-file--media-40312189-3390-423a-b9f3-355723e467e4\">Download<\/a><\/div>\n\n\n\n<p><strong><mark style=\"background-color:rgba(0, 0, 0, 0)\" class=\"has-inline-color has-button-hover-color-color\">POPIS P\u0158\u00cdNOSU PROJEKTU:<\/mark><\/strong><\/p>\n\n\n\n<div data-wp-interactive=\"core\/file\" class=\"wp-block-file\"><object data-wp-bind--hidden=\"!state.hasPdfPreview\" hidden class=\"wp-block-file__embed\" data=\"https:\/\/mspd.upol.cz\/wp-content\/uploads\/2024\/06\/Popis-prinosu-v-projektu.pdf\" type=\"application\/pdf\" style=\"width:100%;height:600px\" aria-label=\"Embed of Popis-prinosu-v-projektu.\"><\/object><a id=\"wp-block-file--media-3e29a8fe-c841-4b74-b24e-cfe1d6424fc4\" href=\"https:\/\/mspd.upol.cz\/wp-content\/uploads\/2024\/06\/Popis-prinosu-v-projektu.pdf\">Popis-prinosu-v-projektu<\/a><a href=\"https:\/\/mspd.upol.cz\/wp-content\/uploads\/2024\/06\/Popis-prinosu-v-projektu.pdf\" class=\"wp-block-file__button wp-element-button\" download aria-describedby=\"wp-block-file--media-3e29a8fe-c841-4b74-b24e-cfe1d6424fc4\">Download<\/a><\/div>\n\n\n\n<div class=\"wp-block-file\"><a id=\"wp-block-file--media-075cc9d7-037b-41dc-813f-99b0fd4dc2d9\" href=\"https:\/\/mspd.upol.cz\/wp-content\/uploads\/2024\/06\/Popis-prinosu-v-projektu-1.docx\">Popis-prinosu-v-projektu-WORD<\/a><a href=\"https:\/\/mspd.upol.cz\/wp-content\/uploads\/2024\/06\/Popis-prinosu-v-projektu-1.docx\" class=\"wp-block-file__button wp-element-button\" download aria-describedby=\"wp-block-file--media-075cc9d7-037b-41dc-813f-99b0fd4dc2d9\">Download<\/a><\/div>\n\n\n\n<p><\/p>\n","protected":false},"excerpt":{"rendered":"<p>V\u0161em sout\u011b\u017e\u00edc\u00edm bude umo\u017en\u011bno p\u0159ihl\u00e1sit se se svou sout\u011b\u017en\u00ed prac\u00ed (po zapracov\u00e1n\u00ed p\u0159ipom\u00ednek z recenzn\u00edho posudku z MSPD) k publikov\u00e1n\u00ed [&hellip;]<\/p>\n","protected":false},"author":2,"featured_media":0,"parent":0,"menu_order":0,"comment_status":"closed","ping_status":"closed","template":"","meta":{"site-sidebar-layout":"right-sidebar","site-content-layout":"","ast-site-content-layout":"default","site-content-style":"default","site-sidebar-style":"default","ast-global-header-display":"","ast-banner-title-visibility":"","ast-main-header-display":"","ast-hfb-above-header-display":"","ast-hfb-below-header-display":"","ast-hfb-mobile-header-display":"","site-post-title":"","ast-breadcrumbs-content":"","ast-featured-img":"","footer-sml-layout":"","ast-disable-related-posts":"","theme-transparent-header-meta":"","adv-header-id-meta":"","stick-header-meta":"","header-above-stick-meta":"","header-main-stick-meta":"","header-below-stick-meta":"","astra-migrate-meta-layouts":"default","ast-page-background-enabled":"default","ast-page-background-meta":{"desktop":{"background-color":"var(--ast-global-color-5)","background-image":"","background-repeat":"repeat","background-position":"center center","background-size":"auto","background-attachment":"scroll","background-type":"","background-media":"","overlay-type":"","overlay-color":"","overlay-opacity":"","overlay-gradient":""},"tablet":{"background-color":"","background-image":"","background-repeat":"repeat","background-position":"center center","background-size":"auto","background-attachment":"scroll","background-type":"","background-media":"","overlay-type":"","overlay-color":"","overlay-opacity":"","overlay-gradient":""},"mobile":{"background-color":"","background-image":"","background-repeat":"repeat","background-position":"center center","background-size":"auto","background-attachment":"scroll","background-type":"","background-media":"","overlay-type":"","overlay-color":"","overlay-opacity":"","overlay-gradient":""}},"ast-content-background-meta":{"desktop":{"background-color":"var(--ast-global-color-4)","background-image":"","background-repeat":"repeat","background-position":"center center","background-size":"auto","background-attachment":"scroll","background-type":"","background-media":"","overlay-type":"","overlay-color":"","overlay-opacity":"","overlay-gradient":""},"tablet":{"background-color":"var(--ast-global-color-4)","background-image":"","background-repeat":"repeat","background-position":"center center","background-size":"auto","background-attachment":"scroll","background-type":"","background-media":"","overlay-type":"","overlay-color":"","overlay-opacity":"","overlay-gradient":""},"mobile":{"background-color":"var(--ast-global-color-4)","background-image":"","background-repeat":"repeat","background-position":"center center","background-size":"auto","background-attachment":"scroll","background-type":"","background-media":"","overlay-type":"","overlay-color":"","overlay-opacity":"","overlay-gradient":""}},"footnotes":""},"class_list":["post-101","page","type-page","status-publish","hentry"],"_links":{"self":[{"href":"https:\/\/mspd.upol.cz\/index.php?rest_route=\/wp\/v2\/pages\/101","targetHints":{"allow":["GET"]}}],"collection":[{"href":"https:\/\/mspd.upol.cz\/index.php?rest_route=\/wp\/v2\/pages"}],"about":[{"href":"https:\/\/mspd.upol.cz\/index.php?rest_route=\/wp\/v2\/types\/page"}],"author":[{"embeddable":true,"href":"https:\/\/mspd.upol.cz\/index.php?rest_route=\/wp\/v2\/users\/2"}],"replies":[{"embeddable":true,"href":"https:\/\/mspd.upol.cz\/index.php?rest_route=%2Fwp%2Fv2%2Fcomments&post=101"}],"version-history":[{"count":56,"href":"https:\/\/mspd.upol.cz\/index.php?rest_route=\/wp\/v2\/pages\/101\/revisions"}],"predecessor-version":[{"id":1351,"href":"https:\/\/mspd.upol.cz\/index.php?rest_route=\/wp\/v2\/pages\/101\/revisions\/1351"}],"wp:attachment":[{"href":"https:\/\/mspd.upol.cz\/index.php?rest_route=%2Fwp%2Fv2%2Fmedia&parent=101"}],"curies":[{"name":"wp","href":"https:\/\/api.w.org\/{rel}","templated":true}]}}