{"id":111,"date":"2021-08-06T13:55:55","date_gmt":"2021-08-06T13:55:55","guid":{"rendered":"https:\/\/mspd.upol.cz\/?page_id=111"},"modified":"2026-04-15T11:13:42","modified_gmt":"2026-04-15T11:13:42","slug":"odborna-porota","status":"publish","type":"page","link":"https:\/\/mspd.upol.cz\/?page_id=111","title":{"rendered":"Odborn\u00e1 porota"},"content":{"rendered":"\n<p><strong>ODBORN\u00c1 POROTA pro ro\u010dn\u00edk 2026<\/strong><\/p>\n\n\n\n<p><strong>Bc. sekce<\/strong><\/p>\n\n\n\n<p><strong>doc. PhDr. Eva \u0160ov\u010d\u00edkov\u00e1, CSc.<br><\/strong><em>Katedra psychol\u00f3gie, Vysok\u00e1 \u0161kola zdravotn\u00edctva a soci\u00e1lnej pr\u00e1ce sv. Al\u017ebety v Bratislave, n.o.<\/em><\/p>\n\n\n\n<p><strong>doc. PhDr. Marek Preiss, Ph.D.<\/strong><em><br>University of New York in Prague<\/em><\/p>\n\n\n\n<p><strong>PhDr. Ivana Poled\u0148ov\u00e1, CSc.<br><\/strong><em>Katedra psychologie, Filozofick\u00e1 fakulta, Ostravsk\u00e1 univerzita, Ostrava<\/em><\/p>\n\n\n\n<p><strong>PhDr. et Mgr. Hana Valentov\u00e1, Ph.D.<\/strong><br><em>Katedra psychologie, Pedagogick\u00e1 fakulta, Univerzita Karlova, Praha<\/em><\/p>\n\n\n\n<p><strong>Mgr. Ren\u00e9 \u0160ebe\u0148a, Ph.D.<\/strong><br>Katedra psychol\u00f3gie, Filozofick\u00e1 fakulta, Univerzita P. J. \u0160af\u00e1rika v Ko\u0161iciach, Ko\u0161ice<\/p>\n\n\n\n<p><strong>Mgr. Lucia Vitekov\u00e1, PhD.&nbsp;<\/strong><br><em>Katedra psychol\u00f3gie, Filozofick\u00e1 fakulta, Univerzita sv. Cyrila a Metoda v Trnave<\/em><\/p>\n\n\n\n<hr class=\"wp-block-separator has-css-opacity\"\/>\n\n\n\n<p><strong>Mgr. sekce<\/strong><\/p>\n\n\n\n<p><strong>doc. PhDr. Dalibor Ku\u010dera, Ph.D.<br><\/strong><em>Katedra psychologie, Pedagogick\u00e1 fakulta, Jiho\u010desk\u00e1 univerzita v \u010cesk\u00fdch Bud\u011bjovic\u00edch<\/em><\/p>\n\n\n\n<p><strong>doc. PhDr. \u013dubor Pil\u00e1rik, Ph.D.&nbsp;<\/strong><br><em>Katedra psychol\u00f3gie, Pedagogick\u00e1 fakulta, Univerzita Mateja Bela v Banskej Bystrici<\/em><\/p>\n\n\n\n<p><strong>Mgr. Veronika Chlebcov\u00e1, PhD.<\/strong><br><em>Fakulta psychol\u00f3gie, Paneur\u00f3pska vysok\u00e1 \u0161kola<\/em><\/p>\n\n\n\n<p><strong>PhDr. Martin Dolej\u0161, Ph.D.<\/strong>&nbsp;<br><em>Katedra psychologie, Filozofick\u00e1 fakulta, Univerzita Palack\u00e9ho v&nbsp;Olomouci<\/em><\/p>\n\n\n\n<p><strong>Ing. et Mgr. Peter Teli\u010d\u00e1k, PhD.<\/strong><br><em>Katedra psychol\u00f3gie, Filozofick\u00e1 fakulta, Trnavsk\u00e1 univerzita v Trnave<\/em><\/p>\n\n\n\n<p><strong>Mgr. Filip Havl\u00edk, Ph.D.<\/strong><br>Pra\u017esk\u00e1 vysok\u00e1 \u0161kola psychosoci\u00e1ln\u00edch studi\u00ed<\/p>\n\n\n\n<p><strong>Mgr. Nikol Kvardov\u00e1, Ph.D.<br><\/strong><em>Katedra psychologie, Fakulta soci\u00e1ln\u00edch studi\u00ed, Masarykova univerzita, Brno<\/em><\/p>\n\n\n\n<p><strong>PhDr.<\/strong> <strong>Veronika Bolekov\u00e1, PhD.<\/strong><br><em>Katedra psychologie, Filozofick\u00e1 fakulta, Univerzita Komensk\u00e9ho v Bratislave<\/em><strong><em>\u00a0\u00a0\u00a0\u00a0\u00a0<\/em><\/strong><\/p>\n\n\n\n<p><strong><em>\u00a0\u00a0 <\/em><\/strong><\/p>\n\n\n\n<p>Organiza\u010dn\u00ed v\u00fdbor si vyhrazuje pr\u00e1vo na p\u0159\u00edpadn\u00e9 zm\u011bny ve slo\u017een\u00ed odborn\u00fdch porot.<\/p>\n\n\n\n<p><\/p>\n\n\n\n<p><\/p>\n\n\n\n<p><\/p>\n","protected":false},"excerpt":{"rendered":"<p>ODBORN\u00c1 POROTA pro ro\u010dn\u00edk 2026 Bc. sekce doc. PhDr. Eva \u0160ov\u010d\u00edkov\u00e1, CSc.Katedra psychol\u00f3gie, Vysok\u00e1 \u0161kola zdravotn\u00edctva a soci\u00e1lnej pr\u00e1ce sv. [&hellip;]<\/p>\n","protected":false},"author":2,"featured_media":0,"parent":0,"menu_order":0,"comment_status":"closed","ping_status":"closed","template":"","meta":{"site-sidebar-layout":"right-sidebar","site-content-layout":"","ast-site-content-layout":"default","site-content-style":"default","site-sidebar-style":"default","ast-global-header-display":"","ast-banner-title-visibility":"","ast-main-header-display":"","ast-hfb-above-header-display":"","ast-hfb-below-header-display":"","ast-hfb-mobile-header-display":"","site-post-title":"","ast-breadcrumbs-content":"","ast-featured-img":"","footer-sml-layout":"","ast-disable-related-posts":"","theme-transparent-header-meta":"","adv-header-id-meta":"","stick-header-meta":"","header-above-stick-meta":"","header-main-stick-meta":"","header-below-stick-meta":"","astra-migrate-meta-layouts":"default","ast-page-background-enabled":"default","ast-page-background-meta":{"desktop":{"background-color":"var(--ast-global-color-5)","background-image":"","background-repeat":"repeat","background-position":"center center","background-size":"auto","background-attachment":"scroll","background-type":"","background-media":"","overlay-type":"","overlay-color":"","overlay-opacity":"","overlay-gradient":""},"tablet":{"background-color":"","background-image":"","background-repeat":"repeat","background-position":"center center","background-size":"auto","background-attachment":"scroll","background-type":"","background-media":"","overlay-type":"","overlay-color":"","overlay-opacity":"","overlay-gradient":""},"mobile":{"background-color":"","background-image":"","background-repeat":"repeat","background-position":"center center","background-size":"auto","background-attachment":"scroll","background-type":"","background-media":"","overlay-type":"","overlay-color":"","overlay-opacity":"","overlay-gradient":""}},"ast-content-background-meta":{"desktop":{"background-color":"var(--ast-global-color-4)","background-image":"","background-repeat":"repeat","background-position":"center center","background-size":"auto","background-attachment":"scroll","background-type":"","background-media":"","overlay-type":"","overlay-color":"","overlay-opacity":"","overlay-gradient":""},"tablet":{"background-color":"var(--ast-global-color-4)","background-image":"","background-repeat":"repeat","background-position":"center center","background-size":"auto","background-attachment":"scroll","background-type":"","background-media":"","overlay-type":"","overlay-color":"","overlay-opacity":"","overlay-gradient":""},"mobile":{"background-color":"var(--ast-global-color-4)","background-image":"","background-repeat":"repeat","background-position":"center center","background-size":"auto","background-attachment":"scroll","background-type":"","background-media":"","overlay-type":"","overlay-color":"","overlay-opacity":"","overlay-gradient":""}},"footnotes":""},"class_list":["post-111","page","type-page","status-publish","hentry"],"_links":{"self":[{"href":"https:\/\/mspd.upol.cz\/index.php?rest_route=\/wp\/v2\/pages\/111","targetHints":{"allow":["GET"]}}],"collection":[{"href":"https:\/\/mspd.upol.cz\/index.php?rest_route=\/wp\/v2\/pages"}],"about":[{"href":"https:\/\/mspd.upol.cz\/index.php?rest_route=\/wp\/v2\/types\/page"}],"author":[{"embeddable":true,"href":"https:\/\/mspd.upol.cz\/index.php?rest_route=\/wp\/v2\/users\/2"}],"replies":[{"embeddable":true,"href":"https:\/\/mspd.upol.cz\/index.php?rest_route=%2Fwp%2Fv2%2Fcomments&post=111"}],"version-history":[{"count":38,"href":"https:\/\/mspd.upol.cz\/index.php?rest_route=\/wp\/v2\/pages\/111\/revisions"}],"predecessor-version":[{"id":1348,"href":"https:\/\/mspd.upol.cz\/index.php?rest_route=\/wp\/v2\/pages\/111\/revisions\/1348"}],"wp:attachment":[{"href":"https:\/\/mspd.upol.cz\/index.php?rest_route=%2Fwp%2Fv2%2Fmedia&parent=111"}],"curies":[{"name":"wp","href":"https:\/\/api.w.org\/{rel}","templated":true}]}}