{"id":14,"date":"2021-08-06T08:36:02","date_gmt":"2021-08-06T08:36:02","guid":{"rendered":"https:\/\/mspd.upol.cz\/?page_id=14"},"modified":"2026-04-07T06:37:38","modified_gmt":"2026-04-07T06:37:38","slug":"the-new-umoma-opens-its-doors-2","status":"publish","type":"page","link":"https:\/\/mspd.upol.cz\/","title":{"rendered":"MSPD 23.4.-24.4.2026"},"content":{"rendered":"\n<div class=\"wp-block-group alignwide is-layout-flow wp-block-group-is-layout-flow\">\n<h5 class=\"wp-block-heading has-text-align-center\">Mezin\u00e1rodn\u00ed studentsk\u00e9 psychologick\u00e9 dny po\u0159\u00e1daj\u00ed st\u0159\u00eddav\u011b pracovi\u0161t\u011b z \u010cesk\u00e9 republiky a ze Slovensk\u00e9 republiky. Jsme r\u00e1di, \u017ee 25. ro\u010dn\u00edk byl sv\u011b\u0159en Kated\u0159e psychologie Jiho\u010desk\u00e9 Univerzity v \u010cesk\u00fdch Bud\u011bjovic\u00edch. Srde\u010dn\u011b na tuto ud\u00e1lost zveme nejen v\u0161echny nominovan\u00e9 studenty, kte\u0159\u00ed budou prezentovat nejlep\u0161\u00ed odborn\u00e9 sout\u011b\u017en\u00ed pr\u00e1ce, ale i v\u0161echny dal\u0161\u00ed studenty, pedagogy a z\u00e1jemce o obor psychologie.<\/h5>\n\n\n\n<p class=\"has-text-align-center\">V\u0161em sout\u011b\u017e\u00edc\u00edm bude umo\u017en\u011bno p\u0159ihl\u00e1sit se se svou sout\u011b\u017en\u00ed prac\u00ed (po zapracov\u00e1n\u00ed p\u0159ipom\u00ednek z recenzn\u00edho posudku z MSPD) k publikov\u00e1n\u00ed p\u0159\u00edsp\u011bvku <br>v \u010dasopisu <strong><a href=\"https:\/\/e-psycholog.eu\/o-casopise\"><em>E<\/em>&#8211;<em>psychologie<\/em><\/a> \u010di <a href=\"https:\/\/diskuzevpsychologii.upol.cz\/\">Diskuze v psychologii.<\/a><\/strong><\/p>\n\n\n\n<p class=\"has-text-align-center\">V\u00edt\u011bzov\u00e9 (v\u0161ichni um\u00edst\u011bn\u00ed na 1.\u20133. m\u00edst\u011b v sout\u011b\u017en\u00edch kategori\u00edch) budou m\u00edt zaji\u0161t\u011bn\u00fd vstup zdarma (nebudou platit registra\u010dn\u00ed poplatek) na <strong>Psychologick\u00e9 dny 2026 <\/strong>(9. &#8211; 11. z\u00e1\u0159\u00ed, Olomouc) s aktivn\u00ed prezentac\u00ed sv\u00e9ho sout\u011b\u017en\u00edho p\u0159\u00edsp\u011bvku (<a href=\"https:\/\/eur02.safelinks.protection.outlook.com\/?url=https%3A%2F%2Fwww.psychologickedny.info%2F&amp;data=05%7C02%7Cskomrska%40pf.jcu.cz%7C03c458c40296426d6d9608de89c23cb6%7Cc35f5da49a0344e68bf992833634f6a7%7C0%7C0%7C639099664682911843%7CUnknown%7CTWFpbGZsb3d8eyJFbXB0eU1hcGkiOnRydWUsIlYiOiIwLjAuMDAwMCIsIlAiOiJXaW4zMiIsIkFOIjoiTWFpbCIsIldUIjoyfQ%3D%3D%7C0%7C%7C%7C&amp;sdata=zj0dfEX6bcGYTvRwgwCrHhOMbWh6vICSN13cWBwPOaA%3D&amp;reserved=0\" target=\"_blank\" rel=\"noreferrer noopener\">https:\/\/www.psychologickedny.info\/<\/a>)<\/p>\n\n\n\n<p class=\"has-text-align-center\">V r\u00e1mci prezentace sout\u011b\u017en\u00edch prac\u00ed bude po\u0159izov\u00e1n audiovizu\u00e1ln\u00ed z\u00e1znam za \u00fa\u010delem jeho n\u00e1sledn\u00e9ho zve\u0159ejn\u011bn\u00ed pro vzd\u011bl\u00e1vac\u00ed mo\u017enosti dal\u0161\u00edch student\u016f a z\u00e1jemc\u016f o dan\u00e1 t\u00e9mata. Svou \u00fa\u010dast\u00ed na akci prezentuj\u00edc\u00ed potvrzuj\u00ed, \u017ee jsou s t\u00edmto zp\u016fsobem sd\u00edlen\u00ed sv\u00e9ho v\u00fdstupu srozum\u011bni.<\/p>\n\n\n\n<figure class=\"wp-block-image aligncenter size-large\"><img loading=\"lazy\" decoding=\"async\" width=\"724\" height=\"1024\" src=\"https:\/\/mspd.upol.cz\/wp-content\/uploads\/2026\/03\/MSPD-2026-A3-724x1024.jpg\" alt=\"\" class=\"wp-image-1263\" srcset=\"https:\/\/mspd.upol.cz\/wp-content\/uploads\/2026\/03\/MSPD-2026-A3-724x1024.jpg 724w, https:\/\/mspd.upol.cz\/wp-content\/uploads\/2026\/03\/MSPD-2026-A3-212x300.jpg 212w, https:\/\/mspd.upol.cz\/wp-content\/uploads\/2026\/03\/MSPD-2026-A3-768x1086.jpg 768w, https:\/\/mspd.upol.cz\/wp-content\/uploads\/2026\/03\/MSPD-2026-A3-1086x1536.jpg 1086w, https:\/\/mspd.upol.cz\/wp-content\/uploads\/2026\/03\/MSPD-2026-A3-1448x2048.jpg 1448w, https:\/\/mspd.upol.cz\/wp-content\/uploads\/2026\/03\/MSPD-2026-A3.jpg 1600w\" sizes=\"auto, (max-width: 724px) 100vw, 724px\" \/><\/figure>\n<\/div>\n\n\n\n<p><\/p>\n","protected":false},"excerpt":{"rendered":"<p>Mezin\u00e1rodn\u00ed studentsk\u00e9 psychologick\u00e9 dny po\u0159\u00e1daj\u00ed st\u0159\u00eddav\u011b pracovi\u0161t\u011b z \u010cesk\u00e9 republiky a ze Slovensk\u00e9 republiky. Jsme r\u00e1di, \u017ee 25. ro\u010dn\u00edk byl [&hellip;]<\/p>\n","protected":false},"author":2,"featured_media":0,"parent":0,"menu_order":0,"comment_status":"closed","ping_status":"closed","template":"","meta":{"site-sidebar-layout":"right-sidebar","site-content-layout":"","ast-site-content-layout":"default","site-content-style":"default","site-sidebar-style":"default","ast-global-header-display":"","ast-banner-title-visibility":"","ast-main-header-display":"","ast-hfb-above-header-display":"","ast-hfb-below-header-display":"","ast-hfb-mobile-header-display":"","site-post-title":"","ast-breadcrumbs-content":"","ast-featured-img":"","footer-sml-layout":"","ast-disable-related-posts":"","theme-transparent-header-meta":"","adv-header-id-meta":"","stick-header-meta":"","header-above-stick-meta":"","header-main-stick-meta":"","header-below-stick-meta":"","astra-migrate-meta-layouts":"default","ast-page-background-enabled":"default","ast-page-background-meta":{"desktop":{"background-color":"var(--ast-global-color-5)","background-image":"","background-repeat":"repeat","background-position":"center center","background-size":"auto","background-attachment":"scroll","background-type":"","background-media":"","overlay-type":"","overlay-color":"","overlay-opacity":"","overlay-gradient":""},"tablet":{"background-color":"","background-image":"","background-repeat":"repeat","background-position":"center center","background-size":"auto","background-attachment":"scroll","background-type":"","background-media":"","overlay-type":"","overlay-color":"","overlay-opacity":"","overlay-gradient":""},"mobile":{"background-color":"","background-image":"","background-repeat":"repeat","background-position":"center center","background-size":"auto","background-attachment":"scroll","background-type":"","background-media":"","overlay-type":"","overlay-color":"","overlay-opacity":"","overlay-gradient":""}},"ast-content-background-meta":{"desktop":{"background-color":"var(--ast-global-color-4)","background-image":"","background-repeat":"repeat","background-position":"center center","background-size":"auto","background-attachment":"scroll","background-type":"","background-media":"","overlay-type":"","overlay-color":"","overlay-opacity":"","overlay-gradient":""},"tablet":{"background-color":"var(--ast-global-color-4)","background-image":"","background-repeat":"repeat","background-position":"center center","background-size":"auto","background-attachment":"scroll","background-type":"","background-media":"","overlay-type":"","overlay-color":"","overlay-opacity":"","overlay-gradient":""},"mobile":{"background-color":"var(--ast-global-color-4)","background-image":"","background-repeat":"repeat","background-position":"center center","background-size":"auto","background-attachment":"scroll","background-type":"","background-media":"","overlay-type":"","overlay-color":"","overlay-opacity":"","overlay-gradient":""}},"footnotes":""},"class_list":["post-14","page","type-page","status-publish","hentry"],"_links":{"self":[{"href":"https:\/\/mspd.upol.cz\/index.php?rest_route=\/wp\/v2\/pages\/14","targetHints":{"allow":["GET"]}}],"collection":[{"href":"https:\/\/mspd.upol.cz\/index.php?rest_route=\/wp\/v2\/pages"}],"about":[{"href":"https:\/\/mspd.upol.cz\/index.php?rest_route=\/wp\/v2\/types\/page"}],"author":[{"embeddable":true,"href":"https:\/\/mspd.upol.cz\/index.php?rest_route=\/wp\/v2\/users\/2"}],"replies":[{"embeddable":true,"href":"https:\/\/mspd.upol.cz\/index.php?rest_route=%2Fwp%2Fv2%2Fcomments&post=14"}],"version-history":[{"count":73,"href":"https:\/\/mspd.upol.cz\/index.php?rest_route=\/wp\/v2\/pages\/14\/revisions"}],"predecessor-version":[{"id":1289,"href":"https:\/\/mspd.upol.cz\/index.php?rest_route=\/wp\/v2\/pages\/14\/revisions\/1289"}],"wp:attachment":[{"href":"https:\/\/mspd.upol.cz\/index.php?rest_route=%2Fwp%2Fv2%2Fmedia&parent=14"}],"curies":[{"name":"wp","href":"https:\/\/api.w.org\/{rel}","templated":true}]}}