{"id":204,"date":"2022-04-08T11:17:31","date_gmt":"2022-04-08T11:17:31","guid":{"rendered":"https:\/\/mspd.upol.cz\/?page_id=204"},"modified":"2026-04-16T10:42:52","modified_gmt":"2026-04-16T10:42:52","slug":"program","status":"publish","type":"page","link":"https:\/\/mspd.upol.cz\/?page_id=204","title":{"rendered":"Program"},"content":{"rendered":"\n<p class=\"has-medium-font-size\"><strong>Mezin\u00e1rodn\u00ed&nbsp;studentsk\u00e9 psychologick\u00e9 dny&nbsp;2026&nbsp;<\/strong><br><strong>Katedra&nbsp;psychologie, Pedagogick\u00e1 fakulta Jiho\u010desk\u00e9&nbsp;univerzity v \u010cesk\u00fdch&nbsp;Bud\u011bjovic\u00edch<\/strong>&nbsp;<\/p>\n\n\n\n<p class=\"has-medium-font-size\"><strong>\u010ctvrtek&nbsp;23. 4. 2026 \u2013 1.&nbsp;den&nbsp;konference<\/strong>&nbsp;<\/p>\n\n\n\n<p><strong>9:00&nbsp;\u2013&nbsp;10:00&nbsp;<\/strong> <strong>Registrace&nbsp;\u00fa\u010dastn\u00edk\u016f&nbsp;konference<\/strong>&nbsp;<br><strong>P\u0159ed&nbsp;Aulou Miroslava&nbsp;Pap\u00e1\u010dka<\/strong> (m\u00edstnost D240)<\/p>\n\n\n\n<p><strong>9:30&nbsp;\u2013&nbsp;10:00&nbsp;<\/strong> <strong>Porada&nbsp;odborn\u00e9 poroty<\/strong>&nbsp;<br><strong>M\u00edstnost&nbsp;D215<\/strong>&nbsp;\u2013 (naproti aule) <\/p>\n\n\n\n<p><strong>10:00&nbsp;\u2013&nbsp;10:30&nbsp;<\/strong> <strong>Ofici\u00e1ln\u00ed&nbsp;zah\u00e1jen\u00ed&nbsp;konference<\/strong>&nbsp;<br><strong>Aula Miroslava&nbsp;Pap\u00e1\u010dka<\/strong> (m\u00edstnost D240)<\/p>\n\n\n\n<p class=\"has-text-align-left\">                         <strong>doc. RNDr. Helena Koldov\u00e1, Ph.D.<\/strong>&nbsp;<br>                         d\u011bkanka&nbsp;Pedagogick\u00e9 fakulty&nbsp;Jiho\u010desk\u00e9&nbsp;univerzity v \u010cesk\u00fdch&nbsp;Bud\u011bjovic\u00edch&nbsp;&nbsp;<\/p>\n\n\n\n<p><strong>doc. PhDr. Dalibor Ku\u010dera, Ph.D.&nbsp;<\/strong>&nbsp;<br> vedouc\u00ed&nbsp;Katedry&nbsp;psychologie Pedagogick\u00e9 fakulty&nbsp;Jiho\u010desk\u00e9&nbsp;univerzity v \u010cesk\u00fdch&nbsp;Bud\u011bjovic\u00edch&nbsp;<\/p>\n\n\n\n<p><strong>Mgr. Jakub&nbsp;Ladeck\u00fd,&nbsp;Ph.D.&nbsp;<\/strong>&nbsp;<br> odborn\u00fd a programov\u00fd garant&nbsp;konference&nbsp;<\/p>\n\n\n\n<p>                         <strong>Mgr.&nbsp;\u0160t\u011bp\u00e1n&nbsp;Komrska<\/strong>&nbsp;<br>                         koordin\u00e1tor&nbsp;konference&nbsp;<\/p>\n\n\n\n<p><\/p>\n\n\n\n<figure class=\"wp-block-table\"><table class=\"has-fixed-layout\"><tbody><tr><td><strong>10:30&nbsp;\u2013&nbsp;12:15&nbsp;<\/strong> &nbsp;<strong>Sout\u011b\u017en\u00ed&nbsp;blok &#8211; Bc.&nbsp;sekce<\/strong>&nbsp;<br> T\u00e9ma: Pozn\u00e1v\u00e1n\u00ed, u\u010den\u00ed a digit\u00e1l\u00ed zku\u0161enost&nbsp;<br> <strong>M\u00edstnost&nbsp;D224<\/strong>&nbsp;<br> spr\u00e1vce&nbsp;m\u00edstnosti: Zuzana Ku\u010dov\u00e1&nbsp;<br>moderuje: Lucia Vitekov\u00e1&nbsp;<\/td><td><strong>10:30&nbsp;\u2013&nbsp;12:15&nbsp;<\/strong> &nbsp;<strong>Sout\u011b\u017en\u00ed&nbsp;blok &#8211;&nbsp;Mgr.&nbsp;sekce<\/strong>&nbsp;<br>T\u00e9ma: Psychoaktivn\u00ed l\u00e1tky, m\u00e9dia a informace<br><strong>Aula<\/strong><br>spr\u00e1vce&nbsp;m\u00edstnosti:&nbsp; \u0160t\u011bp\u00e1nka&nbsp;\u010cernu\u0161\u00e1kov\u00e1&nbsp;<br>moderuje: Dalibor Ku\u010dera<\/td><\/tr><tr><td>Be\u00e1ta&nbsp;Pustkov\u00e1&nbsp;<br><strong>Sebehodnocen\u00ed&nbsp;ve&nbsp; vztahu&nbsp;k dosa\u017een\u00e9mu v\u00fdkonu u vysoko\u0161kolsk\u00fdch <\/strong><strong>student\u016f<\/strong>&nbsp;<\/td><td>Lucie&nbsp;Drozdov\u00e1&nbsp;&nbsp;<br><strong>Vzorce a kontext u\u017e\u00edv\u00e1n\u00ed&nbsp;HHC u \u010desk\u00fdch&nbsp;adolescen\u016f&nbsp;a&nbsp;dosp\u011bl\u00fdch<\/strong>&nbsp;<\/td><\/tr><tr><td>\u0160imon&nbsp;Krechler&nbsp;<br><strong>Metakognice&nbsp;p\u0159i \u0159e\u0161en\u00ed&nbsp;slovn\u00edch&nbsp;\u00faloh u&nbsp;\u017e\u00e1k\u016f&nbsp;z\u00e1kladn\u00ed \u0161koly<\/strong>&nbsp;<\/td><td>Michal Zeman\u00a0<br><strong>Faktory souvisej\u00edc\u00ed se spiritu\u00e1ln\u00edm bypassem u u\u017eivatel\u016f klasick\u00fdch psychedelik<\/strong>\u00a0<\/td><\/tr><tr><td>Nela&nbsp;Hartmannov\u00e1&nbsp;<br><strong>\u201e\u017d\u00e1dn\u00e1&nbsp;doopravdick\u00e1&nbsp;z\u00e1bava\u201c:&nbsp;Explorace pro\u017eitku scrollov\u00e1n\u00ed u&nbsp;d\u011bt\u00ed pod povolenou v\u011bkovou&nbsp;hranic\u00ed<\/strong>&nbsp;<\/td><td>Daria&nbsp;Zond&nbsp;<br><strong>Caught&nbsp;in&nbsp;the Headlines:&nbsp;How News Consumption Moderates&nbsp;the Relationship Between Personality&nbsp;Traits and Emotional Well-Being<\/strong>&nbsp;<\/td><\/tr><tr><td>Tereza&nbsp;\u010casarov\u00e1&nbsp;<br><strong>Terapeutick\u00e1 simulace&nbsp;ve virtu\u00e1ln\u00ed&nbsp;realit\u011b<\/strong>&nbsp;<\/td><td>Kiara&nbsp;Gr\u00e9ta Udvardyov\u00e1&nbsp;<br><strong>Kritick\u00e9 myslenie a emo\u010dn\u00e1 inteligencia ako&nbsp;prediktory hodnotenia spr\u00e1v na soci\u00e1lnych sie\u0165ach<\/strong>&nbsp;<\/td><\/tr><tr><td>Simona&nbsp;P\u00e1likov\u00e1<strong>&nbsp;<\/strong>&nbsp;<br><strong>V&nbsp;spojen\u00ed&nbsp;alebo&nbsp;v samote? Psychosoci\u00e1lne faktory negat\u00edvnych afekt\u00edvnych stavov hr\u00e1\u010dov videohier<\/strong><\/td><td>Martina&nbsp;Hlavinov\u00e1&nbsp;<br><strong>S\u00favislosti medzi emo\u010dnou regul\u00e1ciou a vierou v kon\u0161pira\u010dn\u00e9 te\u00f3rie<\/strong>&nbsp;<\/td><\/tr><\/tbody><\/table><\/figure>\n\n\n\n<p><strong>12:15&nbsp;\u2013&nbsp;13:30&nbsp;<\/strong> <strong>Ob\u011bdov\u00e1&nbsp;pauza<\/strong>&nbsp;<\/p>\n\n\n\n<figure class=\"wp-block-table\"><table class=\"has-fixed-layout\"><tbody><tr><td><strong>13:30 \u2013 15:30&nbsp;<\/strong> <strong>Sout\u011b\u017en\u00ed&nbsp;blok &#8211; Bc.&nbsp;sekce<\/strong>&nbsp;<br>T\u00e9ma: Zdrav\u00ed, coping a psychick\u00e1 pohoda&nbsp;<br><strong>M\u00edstnost&nbsp;D224<\/strong>&nbsp;<br>spr\u00e1vce&nbsp;m\u00edstnosti: Zuzana Ku\u010dov\u00e1&nbsp;<br>moderuje: Lucia Vitekov\u00e1<\/td><td><strong>13:30 \u2013 15:30&nbsp;<\/strong>&nbsp;<strong>Sout\u011b\u017en\u00ed&nbsp;blok &#8211; Mgr.&nbsp;sekce<\/strong>&nbsp;<br>T\u00e9ma: Identita, vztahy a psychick\u00e1 zranitelnost&nbsp;<br><strong>Aula<\/strong><br>spr\u00e1vce&nbsp;m\u00edstnosti: \u0160t\u011bp\u00e1nka \u010cernu\u0161\u00e1kov\u00e1&nbsp; <br>moderuje: Dalibor Ku\u010dera<\/td><\/tr><tr><td>Aneta&nbsp;Milatov\u00e1&nbsp;<br><strong>Dent\u00e1lny strach a odkladanie zubnej starostlivosti: Modera\u010dn\u00e1 \u00faloha d\u00f4very v zubn\u00e9ho lek\u00e1ra<\/strong>&nbsp;<\/td><td>Jan&nbsp;Pavl\u00edk&nbsp;<br><strong>Psychometric&nbsp;Properties of the Czech&nbsp;Version&nbsp;of&nbsp;the&nbsp;Self-Objectification Beliefs&nbsp;and&nbsp;Behaviors&nbsp;Scale&nbsp;(SOBBS)<\/strong>&nbsp;<\/td><\/tr><tr><td>Maria&nbsp;Mormocea&nbsp;<br><strong>Neural&nbsp;Disintegration&nbsp;of&nbsp;the&nbsp;Self: Default&nbsp;Mode Network&nbsp;Disruption&nbsp;in&nbsp;Temporal&nbsp;Lobe Epilepsy&nbsp;and Psychedelic&nbsp;States<\/strong>&nbsp;<\/td><td>Romana&nbsp;Kub\u00e1lekov\u00e1&nbsp;<br><strong>Ke\u010f na to pr\u00edde re\u010d, tak poviem: Well-being&nbsp;LGBT+ vyu\u010duj\u00facich v univerzitnom prostred\u00ed<\/strong>&nbsp;<\/td><\/tr><tr><td>Juraj&nbsp;Najdek&nbsp;<br><strong>Savoring&nbsp;a jeho s\u00favislos\u0165 s emocion\u00e1lnou regul\u00e1ciou v kontexte v\u0161\u00edmavosti<\/strong>&nbsp;<\/td><td>Nika&nbsp;Valerie&nbsp;Janotov\u00e1<br><strong>Prom\u011bna&nbsp;sebepojet\u00ed u t\u00fdran\u00fdch&nbsp;\u017een<\/strong>&nbsp;<\/td><\/tr><tr><td>J\u00e1n&nbsp;Duchoslav&nbsp;&amp; Emma&nbsp;Hurn\u00edkov\u00e1&nbsp;<br><strong>Rozsypan\u00e9 citr\u00f3ny: Ter\u00e9nny experiment o prosoci\u00e1lnom spr\u00e1van\u00ed<\/strong>&nbsp;<\/td><td>Adam&nbsp;Bla\u017eo&nbsp;<br><strong>Prv\u00e1 l\u00e1ska ako&nbsp;prediktor kvality \u010fal\u0161\u00edch partnersk\u00fdch vz\u0165ahov<\/strong>&nbsp;<\/td><\/tr><tr><td>Jana&nbsp;Srdanov&nbsp;<br><strong>The&nbsp;Coefficient&nbsp;of Internationality: The&nbsp;Pilot Psychometric Evaluation&nbsp;of&nbsp;the Novel&nbsp;Predictor&nbsp;of&nbsp;Well-Being&nbsp;in International Students<\/strong>&nbsp;<\/td><td>Jana Ondrejkov\u00e1&nbsp;<br><strong>Vplyv generalizovanej interperson\u00e1lnej d\u00f4very na vz\u0165ah medzi vn\u00edmanou motiv\u00e1ciou pom\u00e1haj\u00faceho a v\u010fa\u010dnos\u0165ou prij\u00edmate\u013ea pomoci<\/strong>&nbsp;<\/td><\/tr><tr><td><strong><\/strong>&nbsp;<\/td><td>Andrej&nbsp;Gerh\u00e1t<strong>&nbsp;<\/strong>&nbsp;<br><strong>The&nbsp;Moderating Effect&nbsp;of&nbsp;Religious-Cultural Congruence: Towards&nbsp;a Post-Secular Understanding&nbsp;of Religiosity<\/strong>&nbsp;<\/td><\/tr><\/tbody><\/table><\/figure>\n\n\n\n<p><strong>15:30&nbsp;\u2013&nbsp;16:00&nbsp;<\/strong> <strong>Coffeebreak<\/strong>&nbsp;<br><strong> P\u0159ed&nbsp;aulou Miroslava Pap\u00e1\u010dka&nbsp;<\/strong><\/p>\n\n\n\n<p><strong>16:00&nbsp;\u2013&nbsp;17:00<\/strong> <strong>Spole\u010densk\u00fd program<\/strong>&nbsp;<br><strong>Aula Miroslava&nbsp;Pap\u00e1\u010dka&nbsp;<\/strong><\/p>\n\n\n\n<p>Zveme&nbsp;v\u0161echny&nbsp;\u00fa\u010dastn\u00edky&nbsp;konference&nbsp;z\u202f\u0159ad student\u016f&nbsp;<br>(program organizuje&nbsp;sdru\u017een\u00ed Psycho\u010das&nbsp;\u010cesk\u00e9 Bud\u011bjovice)<br><\/p>\n\n\n\n<p><strong>19:00&nbsp;<\/strong> <strong>Spole\u010densk\u00fd&nbsp;ve\u010der<\/strong>&nbsp;<br> <strong>Restaurace&nbsp;Beseda&nbsp;<\/strong>\u2013 Na&nbsp;Sadech&nbsp;2036\/18, 370 01 \u010cesk\u00e9 Bud\u011bjovice&nbsp;(vchod z vnit\u0159n\u00edho dvora)<\/p>\n\n\n\n<p>Sou\u010d\u00e1st\u00ed&nbsp;spole\u010densk\u00e9ho&nbsp;ve\u010dera bude&nbsp;vyhl\u00e1\u0161en\u00ed&nbsp;doprovodn\u00e9&nbsp;sout\u011b\u017ee konference \u2013\u202fnejlep\u0161\u00ed&nbsp;um\u011bleck\u00fd&nbsp;v\u00fdtvor.&nbsp;<\/p>\n\n\n\n<p>Na&nbsp;spole\u010densk\u00fd ve\u010der s rautem jsou zv\u00e1ni v\u0161ichni p\u0159ihl\u00e1\u0161en\u00ed \u00fa\u010dastn\u00edci&nbsp;konference&nbsp;\u2013 sout\u011b\u017e\u00edc\u00ed&nbsp;studenti&nbsp;i odborn\u00e1 porota.&nbsp;<\/p>\n\n\n\n<p><\/p>\n\n\n\n<p class=\"has-medium-font-size\"><strong>P\u00e1tek&nbsp;24. 4.&nbsp;2026 \u2013 2.&nbsp;den&nbsp;konference<\/strong>&nbsp;<\/p>\n\n\n\n<figure class=\"wp-block-table\"><table class=\"has-fixed-layout\"><tbody><tr><td><strong>9:00&nbsp;\u2013&nbsp;10:30&nbsp;<\/strong> &nbsp;<strong>Sout\u011b\u017en\u00ed&nbsp;blok &#8211; Bc.&nbsp;sekce<\/strong>&nbsp;<br>T\u00e9ma: Formov\u00e1n\u00ed identity v soci\u00e1ln\u00edm kontextu&nbsp;<br><strong>M\u00edstnost&nbsp;D224<\/strong>&nbsp;&nbsp;<br>spr\u00e1vce&nbsp;m\u00edstnosti: Zuzana Ku\u010dov\u00e1&nbsp;<br> moderuje: Lucia Vitekov\u00e1&nbsp;&nbsp;<\/td><td><strong>9:00&nbsp;\u2013&nbsp;10:30&nbsp;<\/strong>&nbsp;<strong>Sout\u011b\u017en\u00ed&nbsp;blok &#8211; Mgr.&nbsp;sekce<\/strong>&nbsp;<br> T\u00e9ma: Psychologie v praxi \u2013 instituce, technologie a regulace&nbsp;<br><strong>Aula <\/strong><br>spr\u00e1vce&nbsp;m\u00edstnosti: \u0160t\u011bp\u00e1nka \u010cernu\u0161\u00e1kov\u00e1&nbsp;<br>moderuje: Dalibor Ku\u010dera<\/td><\/tr><tr><td>M\u00e1ria Kl\u00e1ra Krn\u00e1\u010dov\u00e1&nbsp;&nbsp;<br><strong>Psychosomatick\u00e9 \u0165a\u017ekosti a copingov\u00e9 strat\u00e9gie<\/strong>&nbsp;<\/td><td>Diana Al-Ghoubariov\u00e1&nbsp;<br><strong>Pracovn\u00fd&nbsp;well-being&nbsp;a psychologick\u00fd kapit\u00e1l ako&nbsp;prediktory pracovnej anga\u017eovanosti zdravotn\u00edckych pracovn\u00edkov<\/strong>&nbsp;<\/td><\/tr><tr><td>Nina&nbsp;\u0160trbov\u00e1&nbsp;<br><strong>Stran\u00edcka identita a rozhodnutia v situ\u00e1cii strata \u2013 strata u voli\u010dov na Slovensku<\/strong>&nbsp;<\/td><td>Ad\u00e9la&nbsp;Kambov\u00e1&nbsp;<br><strong>\u0160koln\u00ed&nbsp;psycholog&nbsp;v&nbsp;prost\u0159ed\u00ed&nbsp;soci\u00e1ln\u00ed s\u00edt\u011b&nbsp;Instagram<\/strong>&nbsp;<\/td><\/tr><tr><td>Simona&nbsp;Brhelov\u00e1&nbsp;<br><strong>Identita z pohledu adoptovan\u00fdch jedinc\u016f<\/strong>&nbsp;<\/td><td>Nina Majerov\u00e1&nbsp;<br><strong>Between Opportunity&nbsp;and Uncertainty:&nbsp;Students\u2019 and Teachers\u2019 Experiences&nbsp;of AI in Higher Education<\/strong>&nbsp;<\/td><\/tr><tr><td>Michaela K\u00fadelov\u00e1&nbsp;<br><strong>Vz\u0165ahov\u00e1 v\u00e4zba v detstve a jej s\u00favis so vz\u0165ahmi v dospelosti<\/strong>&nbsp;<br>&nbsp;<br><strong><\/strong>&nbsp;<\/td><td>Martina&nbsp;\u010cerven\u00e1kov\u00e1<br><strong>Osobnos\u0165 medzi riadkami: zhoda a test-retest spo\u013eahlivos\u0165 hodnotenia osobnosti prostredn\u00edctvom ChatGPT<\/strong>&nbsp;<\/td><\/tr><tr><td><strong><\/strong>&nbsp;<\/td><td>J\u00e1n Vi\u0161\u0148ovsk\u00fd&nbsp;<br><strong>Ako hudba a jej vlastnosti vpl\u00fdvaj\u00fa na emocion\u00e1lnu regul\u00e1ciu mlad\u00e9ho dospel\u00e9ho \u010dloveka<\/strong>&nbsp;<\/td><\/tr><\/tbody><\/table><\/figure>\n\n\n\n<figure class=\"wp-block-table\"><table class=\"has-fixed-layout\"><tbody><tr><td><strong>10:30&nbsp;\u2013&nbsp;11:00&nbsp;<\/strong> <strong>Coffeebreak<\/strong>&nbsp;<br><strong>P\u0159ed&nbsp;aulou Miroslava&nbsp;Pap\u00e1\u010dka&nbsp;<\/strong><\/td><td><strong>10:30&nbsp;\u2013 11:00<\/strong> <strong>Porada odborn\u00e9 poroty<\/strong>&nbsp;<br><strong>M\u00edstnost D215<\/strong>&nbsp;(naproti aule)<\/td><\/tr><\/tbody><\/table><\/figure>\n\n\n\n<p><strong>11:00&nbsp;\u2013&nbsp;12:00&nbsp;<\/strong> <strong>Vyhl\u00e1\u0161en\u00ed&nbsp;v\u00fdsledk\u016f<\/strong>&nbsp;<br><strong>Aula Miroslava&nbsp;Pap\u00e1\u010dka&nbsp;<\/strong><br>spr\u00e1vce&nbsp;m\u00edstnosti: \u0160t\u011bp\u00e1nka \u010cernu\u0161\u00e1kov\u00e1&nbsp;<br>moderuje: Dalibor Ku\u010dera&nbsp;<\/p>\n","protected":false},"excerpt":{"rendered":"<p>Mezin\u00e1rodn\u00ed&nbsp;studentsk\u00e9 psychologick\u00e9 dny&nbsp;2026&nbsp;Katedra&nbsp;psychologie, Pedagogick\u00e1 fakulta Jiho\u010desk\u00e9&nbsp;univerzity v \u010cesk\u00fdch&nbsp;Bud\u011bjovic\u00edch&nbsp; \u010ctvrtek&nbsp;23. 4. 2026 \u2013 1.&nbsp;den&nbsp;konference&nbsp; 9:00&nbsp;\u2013&nbsp;10:00&nbsp; Registrace&nbsp;\u00fa\u010dastn\u00edk\u016f&nbsp;konference&nbsp;P\u0159ed&nbsp;Aulou Miroslava&nbsp;Pap\u00e1\u010dka (m\u00edstnost D240) 9:30&nbsp;\u2013&nbsp;10:00&nbsp; Porada&nbsp;odborn\u00e9 [&hellip;]<\/p>\n","protected":false},"author":2,"featured_media":0,"parent":0,"menu_order":0,"comment_status":"closed","ping_status":"closed","template":"","meta":{"site-sidebar-layout":"right-sidebar","site-content-layout":"","ast-site-content-layout":"default","site-content-style":"default","site-sidebar-style":"default","ast-global-header-display":"","ast-banner-title-visibility":"","ast-main-header-display":"","ast-hfb-above-header-display":"","ast-hfb-below-header-display":"","ast-hfb-mobile-header-display":"","site-post-title":"","ast-breadcrumbs-content":"","ast-featured-img":"","footer-sml-layout":"","ast-disable-related-posts":"","theme-transparent-header-meta":"","adv-header-id-meta":"","stick-header-meta":"","header-above-stick-meta":"","header-main-stick-meta":"","header-below-stick-meta":"","astra-migrate-meta-layouts":"default","ast-page-background-enabled":"default","ast-page-background-meta":{"desktop":{"background-color":"var(--ast-global-color-5)","background-image":"","background-repeat":"repeat","background-position":"center center","background-size":"auto","background-attachment":"scroll","background-type":"","background-media":"","overlay-type":"","overlay-color":"","overlay-opacity":"","overlay-gradient":""},"tablet":{"background-color":"","background-image":"","background-repeat":"repeat","background-position":"center center","background-size":"auto","background-attachment":"scroll","background-type":"","background-media":"","overlay-type":"","overlay-color":"","overlay-opacity":"","overlay-gradient":""},"mobile":{"background-color":"","background-image":"","background-repeat":"repeat","background-position":"center center","background-size":"auto","background-attachment":"scroll","background-type":"","background-media":"","overlay-type":"","overlay-color":"","overlay-opacity":"","overlay-gradient":""}},"ast-content-background-meta":{"desktop":{"background-color":"var(--ast-global-color-4)","background-image":"","background-repeat":"repeat","background-position":"center center","background-size":"auto","background-attachment":"scroll","background-type":"","background-media":"","overlay-type":"","overlay-color":"","overlay-opacity":"","overlay-gradient":""},"tablet":{"background-color":"var(--ast-global-color-4)","background-image":"","background-repeat":"repeat","background-position":"center center","background-size":"auto","background-attachment":"scroll","background-type":"","background-media":"","overlay-type":"","overlay-color":"","overlay-opacity":"","overlay-gradient":""},"mobile":{"background-color":"var(--ast-global-color-4)","background-image":"","background-repeat":"repeat","background-position":"center center","background-size":"auto","background-attachment":"scroll","background-type":"","background-media":"","overlay-type":"","overlay-color":"","overlay-opacity":"","overlay-gradient":""}},"footnotes":""},"class_list":["post-204","page","type-page","status-publish","hentry"],"_links":{"self":[{"href":"https:\/\/mspd.upol.cz\/index.php?rest_route=\/wp\/v2\/pages\/204","targetHints":{"allow":["GET"]}}],"collection":[{"href":"https:\/\/mspd.upol.cz\/index.php?rest_route=\/wp\/v2\/pages"}],"about":[{"href":"https:\/\/mspd.upol.cz\/index.php?rest_route=\/wp\/v2\/types\/page"}],"author":[{"embeddable":true,"href":"https:\/\/mspd.upol.cz\/index.php?rest_route=\/wp\/v2\/users\/2"}],"replies":[{"embeddable":true,"href":"https:\/\/mspd.upol.cz\/index.php?rest_route=%2Fwp%2Fv2%2Fcomments&post=204"}],"version-history":[{"count":84,"href":"https:\/\/mspd.upol.cz\/index.php?rest_route=\/wp\/v2\/pages\/204\/revisions"}],"predecessor-version":[{"id":1369,"href":"https:\/\/mspd.upol.cz\/index.php?rest_route=\/wp\/v2\/pages\/204\/revisions\/1369"}],"wp:attachment":[{"href":"https:\/\/mspd.upol.cz\/index.php?rest_route=%2Fwp%2Fv2%2Fmedia&parent=204"}],"curies":[{"name":"wp","href":"https:\/\/api.w.org\/{rel}","templated":true}]}}