{"id":303,"date":"2022-05-03T06:01:26","date_gmt":"2022-05-03T06:01:26","guid":{"rendered":"https:\/\/mspd.upol.cz\/?page_id=303"},"modified":"2025-07-07T11:08:59","modified_gmt":"2025-07-07T11:08:59","slug":"vysledky","status":"publish","type":"page","link":"https:\/\/mspd.upol.cz\/?page_id=303","title":{"rendered":"V\u00fdsledky"},"content":{"rendered":"\n<p><strong>BAKAL\u00c1RSKA SEKCIA<\/strong><\/p>\n\n\n\n<p><strong>MEDZIN\u00c1RODN\u00c1 SLOVENSKO-\u010cESK\u00c1 S\u00da\u0164A\u017d<\/strong><\/p>\n\n\n\n<p>1. miesto<\/p>\n\n\n\n<p><strong>Anna Soch\u016frkov\u00e1<\/strong><br><em>Katedra psychologie, Filozofick\u00e1 fakulta, Univerzita Karlova<\/em><br>Vliv filtra\u010dn\u00edch br\u00fdl\u00ed na depresivn\u00ed symptomy u \u017een v \u010dasn\u00e9m poporodn\u00edm obdob\u00ed<\/p>\n\n\n\n<p>2. miesto<\/p>\n\n\n\n<p><strong>Tereza Ko\u017enarov\u00e1<\/strong><br><em>Katedra psychologie, Pedagogick\u00e1 fakulta, Jiho\u010desk\u00e1 univerzita v \u010cesk\u00fdch Bud\u011bjovic\u00edch<\/em><br>Ov\u011b\u0159en\u00ed dualistick\u00e9ho modelu v\u00e1\u0161n\u011b v e-sportu<\/p>\n\n\n\n<p>3. miesto<\/p>\n\n\n\n<p><strong>Hanka Vi\u0161vaderov\u00e1<\/strong><br><em>Katedra psychologie, Filozofick\u00e1 fakulta, Ostravsk\u00e1 univerzita<\/em><br>Jojo efekt v online sv\u011bt\u011b: vliv intervenc\u00ed v u\u017e\u00edv\u00e1n\u00ed soci\u00e1ln\u00edch s\u00edt\u00ed na du\u0161evn\u00ed zdrav\u00ed adolescent\u016f a mlad\u00fdch dosp\u011bl\u00fdch<\/p>\n\n\n\n<p><strong>Maty\u00e1\u0161 Stra\u0161\u00edk<\/strong><br><em>Katedra psychologie, Pedagogick\u00e1 fakulta, Jiho\u010desk\u00e1 univerzita v \u010cesk\u00fdch Bud\u011bjovic\u00edch<\/em><br>Psychologick\u00e1 perspektiva vztahu \u017e\u00e1k-u\u010ditel<strong><br><\/strong><\/p>\n\n\n\n<p><strong>\u010cESK\u00c1 CELO\u0160T\u00c1TNA S\u00da\u0164A\u017d<\/strong><\/p>\n\n\n\n<p>1. miesto<\/p>\n\n\n\n<p><strong>Anna Soch\u016frkov\u00e1<\/strong><br><em>Katedra psychologie, Filozofick\u00e1 fakulta, Univerzita Karlova<\/em><br>Vliv filtra\u010dn\u00edch br\u00fdl\u00ed na depresivn\u00ed symptomy u \u017een v \u010dasn\u00e9m poporodn\u00edm obdob\u00ed<\/p>\n\n\n\n<p>2. miesto<\/p>\n\n\n\n<p><strong>Tereza Ko\u017enarov\u00e1<\/strong><br><em>Katedra psychologie, Pedagogick\u00e1 fakulta, Jiho\u010desk\u00e1 univerzita v \u010cesk\u00fdch Bud\u011bjovic\u00edch<\/em><br>Ov\u011b\u0159en\u00ed dualistick\u00e9ho modelu v\u00e1\u0161n\u011b v e-sportu<\/p>\n\n\n\n<p>3. miesto<\/p>\n\n\n\n<p><strong>Hanka Vi\u0161vaderov\u00e1<\/strong><br><em>Katedra psychologie, Filozofick\u00e1 fakulta, Ostravsk\u00e1 univerzita<\/em><br>Jojo efekt v online sv\u011bt\u011b: vliv intervenc\u00ed v u\u017e\u00edv\u00e1n\u00ed soci\u00e1ln\u00edch s\u00edt\u00ed na du\u0161evn\u00ed zdrav\u00ed adolescent\u016f a mlad\u00fdch dosp\u011bl\u00fdch<\/p>\n\n\n\n<p><strong>Maty\u00e1\u0161 Stra\u0161\u00edk<\/strong><br><em>Katedra psychologie, Pedagogick\u00e1 fakulta, Jiho\u010desk\u00e1 univerzita v \u010cesk\u00fdch Bud\u011bjovic\u00edch<\/em><br>Psychologick\u00e1 perspektiva vztahu \u017e\u00e1k-u\u010ditel<strong><br><\/strong><\/p>\n\n\n\n<p><strong>SLOVENSK\u00c1 CELO\u0160T\u00c1TNA S\u00da\u0164A\u017d<\/strong><\/p>\n\n\n\n<p>1. miesto<\/p>\n\n\n\n<p><strong>Krist\u00edna Slov\u00edkov\u00e1<\/strong><br><em>Katedra psychol\u00f3gie, Pedagogick\u00e1 fakulta, Univerzita Mateja Bela v Banskej Bystrici<\/em><br>Socializ\u00e1cia emo\u010dnej flexibility u mlad\u00fdch dospel\u00fdch<\/p>\n\n\n\n<p>2. miesto<\/p>\n\n\n\n<p><strong>Karol\u00edna \u010cavojcov\u00e1<\/strong><br><em>Katedra psychol\u00f3gie, Filozofick\u00e1 fakulta, Univerzita sv. Cyrila a Metoda v\u00a0Trnave<\/em><br>Sexualita a sexu\u00e1lna spokojnos\u0165 v partnersk\u00fdch vz\u0165ahoch u pacientov s diagn\u00f3zou idiopatick\u00fdch \u010drevn\u00fdch z\u00e1palov<\/p>\n\n\n\n<p>3. miesto<\/p>\n\n\n\n<p><strong>J\u00e1n Jakub \u0160tefan<\/strong><br><em>Katedra psychol\u00f3gie, Filozofick\u00e1 fakulta, Univerzita Komensk\u00e9ho v\u00a0Bratislave<\/em><br>Pohlavn\u00e9 rozdiely: hypot\u00e9za aktivity a hypot\u00e9za variability u my\u0161\u00ed C57BL\/6<\/p>\n\n\n\n<p><strong>MAGISTERSK\u00c1 SEKCIA<\/strong><\/p>\n\n\n\n<p><strong>MEDZIN\u00c1RODN\u00c1 SLOVENSKO-\u010cESK\u00c1 S\u00da\u0164A\u017d<\/strong><\/p>\n\n\n\n<p>1. miesto<\/p>\n\n\n\n<p><strong>Bc. \u0160\u00e1rka Vodi\u010dkov\u00e1<\/strong><br><em>Katedra psychologie, Filozofick\u00e1 fakulta, Univerzita Karlova<\/em><br>Strach z pohybu u pacient\u016f s chronickou bolest\u00ed kr\u010dn\u00ed \u010d\u00e1sti p\u00e1te\u0159e &#8211; validizace Tampa Scale<\/p>\n\n\n\n<p>2. miesto<\/p>\n\n\n\n<p><strong>Bc. \u017dofia Dr\u0161\u0165\u00e1kov\u00e1<\/strong><br><em>Katedra psychol\u00f3gie, Filozofick\u00e1 fakulta, Trnavsk\u00e1 univerzita v Trnave<\/em><br>Pilotn\u00e1 verzia intervencie odpusten\u00edm sebe v kontexte akademickej prokrastin\u00e1cie u vysoko\u0161kolsk\u00fdch \u0161tudentov<\/p>\n\n\n\n<p>3. miesto<\/p>\n\n\n\n<p><strong>Bc. Diana \u010euricov\u00e1<\/strong><br>Katedra psychol\u00f3gie, Pedagogick\u00e1 fakulta, Univerzita Mateja Bela v Banskej Bystrici<br>Vplyv Snoezelen intervencie a reminiscen\u010dnej terapie na emocionalitu, \u00fazkos\u0165 a agitovan\u00e9 spr\u00e1vanie seniorov v\u00a0zariaden\u00ed<strong><br><\/strong><\/p>\n\n\n\n<p><strong>\u010cESK\u00c1 CELO\u0160T\u00c1TNA S\u00da\u0164A\u017d<\/strong><\/p>\n\n\n\n<p>1. miesto<\/p>\n\n\n\n<p><strong>Bc. \u0160\u00e1rka Vodi\u010dkov\u00e1<\/strong><br><em>Katedra psychologie, Filozofick\u00e1 fakulta, Univerzita Karlova<\/em><br>Strach z pohybu u pacient\u016f s chronickou bolest\u00ed kr\u010dn\u00ed \u010d\u00e1sti p\u00e1te\u0159e &#8211; validizace Tampa Scale<\/p>\n\n\n\n<p>2. miesto<\/p>\n\n\n\n<p><strong>Bc. Tereza Merhoutov\u00e1<\/strong><br><em>Katedra psychologie, Filozofick\u00e1 fakulta, Univerzita Palack\u00e9ho v\u00a0Olomouci<\/em><br>Body image a vztah k j\u00eddlu u rodi\u010d\u016f a jejich dcer<\/p>\n\n\n\n<p>3. miesto<\/p>\n\n\n\n<p><strong>Bc. Monika Firstov\u00e1<\/strong><br><em>Katedra psychologie, Pedagogick\u00e1 fakulta, Univerzita Karlova<\/em><br>St\u00e1\u0159\u00ed a implicitn\u00ed teorie moudrosti<strong><br><\/strong><\/p>\n\n\n\n<p><strong>SLOVENSK\u00c1 CELO\u0160T\u00c1TNA S\u00da\u0164A\u017d<\/strong><\/p>\n\n\n\n<p>1. miesto<\/p>\n\n\n\n<p><strong>Bc. \u017dofia Dr\u0161\u0165\u00e1kov\u00e1<\/strong><br><em>Katedra psychol\u00f3gie, Filozofick\u00e1 fakulta, Trnavsk\u00e1 univerzita v Trnave<\/em><br>Pilotn\u00e1 verzia intervencie odpusten\u00edm sebe v kontexte akademickej prokrastin\u00e1cie u vysoko\u0161kolsk\u00fdch \u0161tudentov<\/p>\n\n\n\n<p>2. miesto<\/p>\n\n\n\n<p><strong>Bc. Diana \u010euricov\u00e1<\/strong><br>Katedra psychol\u00f3gie, Pedagogick\u00e1 fakulta, Univerzita Mateja Bela v Banskej Bystrici<br>Vplyv Snoezelen intervencie a reminiscen\u010dnej terapie na emocionalitu, \u00fazkos\u0165 a agitovan\u00e9 spr\u00e1vanie seniorov v\u00a0zariaden\u00ed<\/p>\n\n\n\n<p>3. miesto<\/p>\n\n\n\n<p><strong>Bc. Sabina Kucov\u00e1<\/strong><br><em>In\u0161tit\u00fat psychol\u00f3gie, Filozofick\u00e1 fakulta, Pre\u0161ovsk\u00e1 univerzita v\u00a0Pre\u0161ove<\/em><br>Vplyv socioekonomick\u00e9ho statusu na soci\u00e1lnu v\u0161\u00edmavos\u0165<\/p>\n\n\n\n<p><strong>HLASOVANIE VEREJNOSTI<\/strong><\/p>\n\n\n\n<p><strong>Bc. Diana \u010euricov\u00e1<\/strong><br>Katedra psychol\u00f3gie, Pedagogick\u00e1 fakulta, Univerzita Mateja Bela v Banskej Bystrici<br>Vplyv Snoezelen intervencie a reminiscen\u010dnej terapie na emocionalitu, \u00fazkos\u0165 a agitovan\u00e9 spr\u00e1vanie seniorov v\u00a0zariaden\u00ed<\/p>\n\n\n\n<p><strong>Anna Soch\u016frkov\u00e1<\/strong><br><em>Katedra psychologie, Filozofick\u00e1 fakulta, Univerzita Karlova<\/em><br>Vliv filtra\u010dn\u00edch br\u00fdl\u00ed na depresivn\u00ed symptomy u \u017een v \u010dasn\u00e9m poporodn\u00edm obdob\u00ed<\/p>\n","protected":false},"excerpt":{"rendered":"<p>BAKAL\u00c1RSKA SEKCIA MEDZIN\u00c1RODN\u00c1 SLOVENSKO-\u010cESK\u00c1 S\u00da\u0164A\u017d 1. miesto Anna Soch\u016frkov\u00e1Katedra psychologie, Filozofick\u00e1 fakulta, Univerzita KarlovaVliv filtra\u010dn\u00edch br\u00fdl\u00ed na depresivn\u00ed symptomy u [&hellip;]<\/p>\n","protected":false},"author":2,"featured_media":0,"parent":0,"menu_order":0,"comment_status":"closed","ping_status":"closed","template":"","meta":{"site-sidebar-layout":"right-sidebar","site-content-layout":"","ast-site-content-layout":"default","site-content-style":"default","site-sidebar-style":"default","ast-global-header-display":"","ast-banner-title-visibility":"","ast-main-header-display":"","ast-hfb-above-header-display":"","ast-hfb-below-header-display":"","ast-hfb-mobile-header-display":"","site-post-title":"","ast-breadcrumbs-content":"","ast-featured-img":"","footer-sml-layout":"","ast-disable-related-posts":"","theme-transparent-header-meta":"","adv-header-id-meta":"","stick-header-meta":"","header-above-stick-meta":"","header-main-stick-meta":"","header-below-stick-meta":"","astra-migrate-meta-layouts":"default","ast-page-background-enabled":"default","ast-page-background-meta":{"desktop":{"background-color":"var(--ast-global-color-5)","background-image":"","background-repeat":"repeat","background-position":"center center","background-size":"auto","background-attachment":"scroll","background-type":"","background-media":"","overlay-type":"","overlay-color":"","overlay-opacity":"","overlay-gradient":""},"tablet":{"background-color":"","background-image":"","background-repeat":"repeat","background-position":"center center","background-size":"auto","background-attachment":"scroll","background-type":"","background-media":"","overlay-type":"","overlay-color":"","overlay-opacity":"","overlay-gradient":""},"mobile":{"background-color":"","background-image":"","background-repeat":"repeat","background-position":"center center","background-size":"auto","background-attachment":"scroll","background-type":"","background-media":"","overlay-type":"","overlay-color":"","overlay-opacity":"","overlay-gradient":""}},"ast-content-background-meta":{"desktop":{"background-color":"var(--ast-global-color-4)","background-image":"","background-repeat":"repeat","background-position":"center center","background-size":"auto","background-attachment":"scroll","background-type":"","background-media":"","overlay-type":"","overlay-color":"","overlay-opacity":"","overlay-gradient":""},"tablet":{"background-color":"var(--ast-global-color-4)","background-image":"","background-repeat":"repeat","background-position":"center center","background-size":"auto","background-attachment":"scroll","background-type":"","background-media":"","overlay-type":"","overlay-color":"","overlay-opacity":"","overlay-gradient":""},"mobile":{"background-color":"var(--ast-global-color-4)","background-image":"","background-repeat":"repeat","background-position":"center center","background-size":"auto","background-attachment":"scroll","background-type":"","background-media":"","overlay-type":"","overlay-color":"","overlay-opacity":"","overlay-gradient":""}},"footnotes":""},"class_list":["post-303","page","type-page","status-publish","hentry"],"_links":{"self":[{"href":"https:\/\/mspd.upol.cz\/index.php?rest_route=\/wp\/v2\/pages\/303","targetHints":{"allow":["GET"]}}],"collection":[{"href":"https:\/\/mspd.upol.cz\/index.php?rest_route=\/wp\/v2\/pages"}],"about":[{"href":"https:\/\/mspd.upol.cz\/index.php?rest_route=\/wp\/v2\/types\/page"}],"author":[{"embeddable":true,"href":"https:\/\/mspd.upol.cz\/index.php?rest_route=\/wp\/v2\/users\/2"}],"replies":[{"embeddable":true,"href":"https:\/\/mspd.upol.cz\/index.php?rest_route=%2Fwp%2Fv2%2Fcomments&post=303"}],"version-history":[{"count":8,"href":"https:\/\/mspd.upol.cz\/index.php?rest_route=\/wp\/v2\/pages\/303\/revisions"}],"predecessor-version":[{"id":1072,"href":"https:\/\/mspd.upol.cz\/index.php?rest_route=\/wp\/v2\/pages\/303\/revisions\/1072"}],"wp:attachment":[{"href":"https:\/\/mspd.upol.cz\/index.php?rest_route=%2Fwp%2Fv2%2Fmedia&parent=303"}],"curies":[{"name":"wp","href":"https:\/\/api.w.org\/{rel}","templated":true}]}}