{"id":436,"date":"2023-05-02T17:23:13","date_gmt":"2023-05-02T17:23:13","guid":{"rendered":"https:\/\/mspd.upol.cz\/?page_id=436"},"modified":"2025-07-07T11:08:42","modified_gmt":"2025-07-07T11:08:42","slug":"vedecky-vybor","status":"publish","type":"page","link":"https:\/\/mspd.upol.cz\/?page_id=436","title":{"rendered":"V\u011bdeck\u00fd v\u00fdbor"},"content":{"rendered":"\n<p><strong>PhDr. Martin Dolej\u0161, Ph.D. <br><\/strong>Katedra psychologie, Filozofick\u00e1 fakulta, Univerzita Palack\u00e9ho v Olomouci<\/p>\n\n\n\n<p><strong>univ. doc. PhDr. Veronika Bolekov\u00e1, Ph.D. <\/strong><br>Fakulta psychol\u00f3gie, Paneur\u00f3pska vysok\u00e1 \u0161kola<\/p>\n\n\n\n<p><strong>Mgr. Tom\u00e1\u0161 Mrh\u00e1lek, Ph.D.<\/strong> <br>Katedra psychologie, Pedagogick\u00e1 fakulta, Jiho\u010desk\u00e1 univerzita v \u010cesk\u00fdch Bud\u011bjovic\u00edch<\/p>\n\n\n\n<p><strong>doc. PhDr. Marek Preiss, Ph.D. <\/strong><br>University of New York in Prague<\/p>\n\n\n\n<p><strong>doc. Mgr. Lenka Sokolov\u00e1, PhD. <\/strong><br>\u00dastav aplikovanej psychol\u00f3gie, Fakulta soci\u00e1lnych a ekonomick\u00fdch vied, Univerzita Komensk\u00e9ho v Bratislave<\/p>\n\n\n\n<p><strong>PhDr. Katar\u00edna Millov\u00e1, Ph.D.<\/strong> <br>Katedra psychologie, Filozofick\u00e1 fakulta, Ostravsk\u00e1 univerzita, Ostrava<\/p>\n\n\n\n<p><strong>Martina Sebalo V\u0148ukov\u00e1, M.Sc., Ph.D.<\/strong> <br>Katedra psychologie a v\u011bd o \u017eivot\u011b, Fakulta humanitn\u00edch studi\u00ed, Univerzita Karlova, Praha<\/p>\n\n\n\n<p><strong>Mgr. et. Bc. Zuzana Rojkov\u00e1, Ph.D.<\/strong> <br>Katedra psychol\u00f3gie, Filozofick\u00e1 fakulta, Univerzita sv. Cyrila a Metoda v Trnave<\/p>\n\n\n\n<p><strong>doc. PaedDr. Erika Juri\u0161ov\u00e1, PhD.<\/strong> <br>Katedra psychologick\u00fdch vied, Fakulta soci\u00e1lnych vied a zdravotn\u00edctva, Univerzita Kon\u0161tant\u00edna Filozofa v Nitre, Nitra<\/p>\n\n\n\n<p><strong>PhDr. Jaroslava Babj\u00e1kov\u00e1, Ph.D.<\/strong> <br>In\u0161tit\u00fat psychol\u00f3gie, Filozofick\u00e1 fakulta, Pre\u0161ovsk\u00e1 univerzita v Pre\u0161ove<\/p>\n\n\n\n<p><strong>doc. Mgr. Ji\u0159\u00ed Lukavsk\u00fd, Ph.D. <\/strong><br>Katedra psychologie, Filozofick\u00e1 fakulta, Univerzita Karlova, Praha<\/p>\n\n\n\n<p><strong>doc. PhDr. \u013dubor Pil\u00e1rik, Ph.D. <\/strong><br>Katedra psychol\u00f3gie, Pedagogick\u00e1 fakulta, Univerzita Mateja Bela v Banskej Bystrici<\/p>\n\n\n\n<p><strong>Mgr. Ren\u00e9 \u0160ebe\u0148a, Ph.D. <\/strong><br>Katedra psychol\u00f3gie, Filozofick\u00e1 fakulta, Univerzita P. J. \u0160af\u00e1rika v Ko\u0161iciach, Ko\u0161ice<\/p>\n\n\n\n<p><strong>Ing. et Mgr. Peter Teli\u010d\u00e1k, Ph.D. <\/strong><br>Katedra psychol\u00f3gie, Filozofick\u00e1 fakulta, Trnavsk\u00e1 univerzita v Trnave<\/p>\n\n\n\n<p><strong>PhDr. et Mgr. Hana Valentov\u00e1<\/strong> <br>Katedra psychologie, Pedagogick\u00e1 fakulta, Univerzita Karlova, Praha<\/p>\n\n\n\n<p><strong>Mgr. Petra Sol\u00e1rikov\u00e1, Ph.D. <\/strong><br>Katedra psychologie, Filozofick\u00e1 fakulta, Univerzita Komensk\u00e9ho v Bratislave<\/p>\n\n\n\n<p><strong>Mgr. Lenka \u0160t\u011bp\u00e1nkov\u00e1, Ph.D.<\/strong> <br>Katedra psychologie, Fakulta soci\u00e1ln\u00edch studi\u00ed, Masarykova univerzita, Brno<\/p>\n\n\n\n<p><\/p>\n\n\n\n<p><\/p>\n","protected":false},"excerpt":{"rendered":"<p>PhDr. Martin Dolej\u0161, Ph.D. Katedra psychologie, Filozofick\u00e1 fakulta, Univerzita Palack\u00e9ho v Olomouci univ. doc. PhDr. Veronika Bolekov\u00e1, Ph.D. Fakulta psychol\u00f3gie, [&hellip;]<\/p>\n","protected":false},"author":2,"featured_media":0,"parent":0,"menu_order":0,"comment_status":"closed","ping_status":"closed","template":"","meta":{"site-sidebar-layout":"right-sidebar","site-content-layout":"","ast-site-content-layout":"default","site-content-style":"default","site-sidebar-style":"default","ast-global-header-display":"","ast-banner-title-visibility":"","ast-main-header-display":"","ast-hfb-above-header-display":"","ast-hfb-below-header-display":"","ast-hfb-mobile-header-display":"","site-post-title":"","ast-breadcrumbs-content":"","ast-featured-img":"","footer-sml-layout":"","ast-disable-related-posts":"","theme-transparent-header-meta":"","adv-header-id-meta":"","stick-header-meta":"","header-above-stick-meta":"","header-main-stick-meta":"","header-below-stick-meta":"","astra-migrate-meta-layouts":"default","ast-page-background-enabled":"default","ast-page-background-meta":{"desktop":{"background-color":"var(--ast-global-color-5)","background-image":"","background-repeat":"repeat","background-position":"center center","background-size":"auto","background-attachment":"scroll","background-type":"","background-media":"","overlay-type":"","overlay-color":"","overlay-opacity":"","overlay-gradient":""},"tablet":{"background-color":"","background-image":"","background-repeat":"repeat","background-position":"center center","background-size":"auto","background-attachment":"scroll","background-type":"","background-media":"","overlay-type":"","overlay-color":"","overlay-opacity":"","overlay-gradient":""},"mobile":{"background-color":"","background-image":"","background-repeat":"repeat","background-position":"center center","background-size":"auto","background-attachment":"scroll","background-type":"","background-media":"","overlay-type":"","overlay-color":"","overlay-opacity":"","overlay-gradient":""}},"ast-content-background-meta":{"desktop":{"background-color":"var(--ast-global-color-4)","background-image":"","background-repeat":"repeat","background-position":"center center","background-size":"auto","background-attachment":"scroll","background-type":"","background-media":"","overlay-type":"","overlay-color":"","overlay-opacity":"","overlay-gradient":""},"tablet":{"background-color":"var(--ast-global-color-4)","background-image":"","background-repeat":"repeat","background-position":"center center","background-size":"auto","background-attachment":"scroll","background-type":"","background-media":"","overlay-type":"","overlay-color":"","overlay-opacity":"","overlay-gradient":""},"mobile":{"background-color":"var(--ast-global-color-4)","background-image":"","background-repeat":"repeat","background-position":"center center","background-size":"auto","background-attachment":"scroll","background-type":"","background-media":"","overlay-type":"","overlay-color":"","overlay-opacity":"","overlay-gradient":""}},"footnotes":""},"class_list":["post-436","page","type-page","status-publish","hentry"],"_links":{"self":[{"href":"https:\/\/mspd.upol.cz\/index.php?rest_route=\/wp\/v2\/pages\/436","targetHints":{"allow":["GET"]}}],"collection":[{"href":"https:\/\/mspd.upol.cz\/index.php?rest_route=\/wp\/v2\/pages"}],"about":[{"href":"https:\/\/mspd.upol.cz\/index.php?rest_route=\/wp\/v2\/types\/page"}],"author":[{"embeddable":true,"href":"https:\/\/mspd.upol.cz\/index.php?rest_route=\/wp\/v2\/users\/2"}],"replies":[{"embeddable":true,"href":"https:\/\/mspd.upol.cz\/index.php?rest_route=%2Fwp%2Fv2%2Fcomments&post=436"}],"version-history":[{"count":27,"href":"https:\/\/mspd.upol.cz\/index.php?rest_route=\/wp\/v2\/pages\/436\/revisions"}],"predecessor-version":[{"id":1007,"href":"https:\/\/mspd.upol.cz\/index.php?rest_route=\/wp\/v2\/pages\/436\/revisions\/1007"}],"wp:attachment":[{"href":"https:\/\/mspd.upol.cz\/index.php?rest_route=%2Fwp%2Fv2%2Fmedia&parent=436"}],"curies":[{"name":"wp","href":"https:\/\/api.w.org\/{rel}","templated":true}]}}